{"id":10,"date":"2018-02-28T17:16:31","date_gmt":"2018-02-28T17:16:31","guid":{"rendered":"http:\/\/www.anglo-french.org\/?page_id=10"},"modified":"2025-09-25T11:10:57","modified_gmt":"2025-09-25T11:10:57","slug":"the-birmingham-anglo-french-society","status":"publish","type":"page","link":"https:\/\/www.anglo-french.org\/","title":{"rendered":"The Birmingham Anglo-French Society"},"content":{"rendered":"\n<p align=\"justify\"><span lang=\"fr\">Bienvenue\u00a0 sur notre site pour le club fran\u00e7ais de Birmingham o\u00f9 un accueil chaleureux est offert a ceux qui appr\u00e9cient la langue et le patrimoine culturel de la France.\u00a0 <\/span><\/p>\n<p align=\"justify\"><span lang=\"fr\"> Nous vous invitons tous \u00e0 assister \u00e0 la prochaine r\u00e9union.\u00a0 Pour y arriver, voir notre guide ci-dessous ou t\u00e9l\u00e9phoner au <span style=\"color: #808080;\"> 00 44 <\/span>(0)121 680 5203.\u00a0 Nous serons content de vous envoyer gratuitement\u00a0 notre guide d&rsquo;acc\u00e8s et notre programme pour 2025-26.<\/span><\/p>\n<p align=\"justify\">\u00a0<\/p>\n<p align=\"justify\">\u00a0<\/p>\n<p align=\"justify\">\u00a0<\/p>\n<p align=\"justify\">\u00a0<\/p>\n<p align=\"justify\">\u00a0<\/p>\n<p align=\"justify\">\u00a0<\/p>\n<p align=\"justify\"><img loading=\"lazy\" decoding=\"async\" class=\"alignnone size-full wp-image-134\" src=\"http:\/\/www.anglo-french.org\/wp-content\/uploads\/2018\/03\/a_prop1.jpg\" alt=\"\" width=\"205\" height=\"51\" \/><\/p>\n","protected":false},"excerpt":{"rendered":"<p>Bienvenue\u00a0 sur notre site pour le club fran\u00e7ais de Birmingham o\u00f9 un accueil chaleureux est offert a ceux qui appr\u00e9cient la langue et le patrimoine culturel de la France.\u00a0 Nous vous invitons tous \u00e0 assister \u00e0 la prochaine r\u00e9union.\u00a0 Pour y arriver, voir notre guide ci-dessous ou t\u00e9l\u00e9phoner au 00 44 (0)121 680 5203.\u00a0 Nous &hellip; <\/p>\n<p class=\"link-more\"><a href=\"https:\/\/www.anglo-french.org\/\" class=\"more-link\">Continuer la lecture<span class=\"screen-reader-text\"> de &laquo;&nbsp;The Birmingham Anglo-French Society&nbsp;&raquo;<\/span><\/a><\/p>\n","protected":false},"author":1,"featured_media":0,"parent":0,"menu_order":0,"comment_status":"closed","ping_status":"closed","template":"","meta":{"footnotes":""},"class_list":["post-10","page","type-page","status-publish","hentry"],"_links":{"self":[{"href":"https:\/\/www.anglo-french.org\/index.php?rest_route=\/wp\/v2\/pages\/10","targetHints":{"allow":["GET"]}}],"collection":[{"href":"https:\/\/www.anglo-french.org\/index.php?rest_route=\/wp\/v2\/pages"}],"about":[{"href":"https:\/\/www.anglo-french.org\/index.php?rest_route=\/wp\/v2\/types\/page"}],"author":[{"embeddable":true,"href":"https:\/\/www.anglo-french.org\/index.php?rest_route=\/wp\/v2\/users\/1"}],"replies":[{"embeddable":true,"href":"https:\/\/www.anglo-french.org\/index.php?rest_route=%2Fwp%2Fv2%2Fcomments&post=10"}],"version-history":[{"count":17,"href":"https:\/\/www.anglo-french.org\/index.php?rest_route=\/wp\/v2\/pages\/10\/revisions"}],"predecessor-version":[{"id":703,"href":"https:\/\/www.anglo-french.org\/index.php?rest_route=\/wp\/v2\/pages\/10\/revisions\/703"}],"wp:attachment":[{"href":"https:\/\/www.anglo-french.org\/index.php?rest_route=%2Fwp%2Fv2%2Fmedia&parent=10"}],"curies":[{"name":"wp","href":"https:\/\/api.w.org\/{rel}","templated":true}]}}